{"id":371,"date":"2026-02-26T08:57:02","date_gmt":"2026-02-26T08:57:02","guid":{"rendered":"https:\/\/music-feelings.com\/?page_id=371"},"modified":"2026-03-02T18:56:34","modified_gmt":"2026-03-02T18:56:34","slug":"about-us","status":"publish","type":"page","link":"https:\/\/music-feelings.com\/de\/about-us\/","title":{"rendered":"\u00dcber Uns"},"content":{"rendered":"<div class=\"wp-block-group has-global-padding is-layout-constrained wp-container-core-group-is-layout-f5dbca08 wp-block-group-is-layout-constrained\">\n<h2 class=\"wp-block-heading has-text-align-center has-border-color has-accent-1-border-color has-accent-1-color has-accent-4-background-color has-text-color has-background has-charm-font-family\" style=\"border-width:8px;border-top-left-radius:22px;border-top-right-radius:22px;border-bottom-left-radius:22px;border-bottom-right-radius:22px;padding-top:var(--wp--preset--spacing--20);padding-right:var(--wp--preset--spacing--20);padding-bottom:var(--wp--preset--spacing--20);padding-left:var(--wp--preset--spacing--20)\"><strong>Feine Technik, Pure Resonanz<\/strong><\/h2>\n\n\n\n<p class=\"has-text-align-center has-fira-code-font-family has-small-font-size\" style=\"letter-spacing:2px\"><strong>Der perfekte Dialog zwischen Stimme und Klavier<\/strong><\/p>\n<\/div>\n\n\n\n<div class=\"wp-block-group has-global-padding is-layout-constrained wp-block-group-is-layout-constrained\">\n<hr class=\"wp-block-separator has-alpha-channel-opacity\"\/>\n\n\n\n<div style=\"height:2px\" aria-hidden=\"true\" class=\"wp-block-spacer\"><\/div>\n<\/div>\n\n\n\n\n\n<div class=\"wp-block-group alignwide has-charm-font-family has-global-padding is-layout-constrained wp-block-group-is-layout-constrained\">\n<div class=\"wp-block-group alignwide has-global-padding is-layout-constrained wp-block-group-is-layout-constrained\">\n<div class=\"wp-block-group alignwide is-vertical is-content-justification-center is-nowrap is-layout-flex wp-container-core-group-is-layout-d7b04dc7 wp-block-group-is-layout-flex\">\n<h2 class=\"wp-block-heading has-text-align-center has-x-large-font-size\"><strong>Michele<\/strong><\/h2>\n<\/div>\n\n\n\n<div class=\"wp-block-group has-border-color has-accent-3-background-color has-background wp-container-content-69bc4bdf is-vertical is-content-justification-center is-nowrap is-layout-flex wp-container-core-group-is-layout-d7b04dc7 wp-block-group-is-layout-flex\" style=\"border-color:#d4af37;border-width:10px;border-top-left-radius:25px;border-top-right-radius:25px;border-bottom-left-radius:25px;border-bottom-right-radius:25px\">\n<figure class=\"wp-block-image size-large has-custom-border is-style-default\"><img loading=\"lazy\" decoding=\"async\" width=\"1024\" height=\"683\" src=\"https:\/\/music-feelings.com\/wp-content\/uploads\/2026\/02\/MF1-1024x683.webp\" alt=\"Michele standing with a microphone\" class=\"wp-image-378\" style=\"border-top-left-radius:15px;border-top-right-radius:15px;border-bottom-left-radius:0px;border-bottom-right-radius:0px;aspect-ratio:1.499291758980133\" srcset=\"https:\/\/music-feelings.com\/wp-content\/uploads\/2026\/02\/MF1-1024x683.webp 1024w, https:\/\/music-feelings.com\/wp-content\/uploads\/2026\/02\/MF1-300x200.webp 300w, https:\/\/music-feelings.com\/wp-content\/uploads\/2026\/02\/MF1-768x512.webp 768w, https:\/\/music-feelings.com\/wp-content\/uploads\/2026\/02\/MF1-18x12.webp 18w, https:\/\/music-feelings.com\/wp-content\/uploads\/2026\/02\/MF1.webp 1536w\" sizes=\"auto, (max-width: 1024px) 100vw, 1024px\" \/><\/figure>\n\n\n\n<div class=\"wp-block-group is-content-justification-center is-nowrap is-layout-flex wp-container-core-group-is-layout-9110c23e wp-block-group-is-layout-flex\" style=\"padding-right:var(--wp--preset--spacing--60);padding-left:var(--wp--preset--spacing--60)\">\n<p class=\"has-text-align-left has-charm-font-family has-medium-font-size\" style=\"font-style:italic;font-weight:700;letter-spacing:1px\">Gepr\u00e4gt durch ihren tiefen Glauben und eine lebenslange Leidenschaft f\u00fcr die Musik, steht Michele bereits seit ihrer Kindheit auf der B\u00fchne. Ihre Stimme \u2013 die bei Hochzeiten, Abschlussfeiern und Events oft als engelsgleich beschrieben wird \u2013 besticht durch Soul und echte Aufrichtigkeit. Mit ihrem Gesang schafft sie eine ganz besondere Atmosph\u00e4re und hinterl\u00e4sst bei jedem Publikum einen bleibenden Eindruck.<br><br>Die geb\u00fcrtige US-Amerikanerin lebt seit 2020 in Deutschland. Hier schlug die Musik die Br\u00fccke zu einer inspirierenden k\u00fcnstlerischen Partnerschaft mit Chris.<\/p>\n<\/div>\n\n\n\n<div style=\"height:0px;width:0px\" aria-hidden=\"true\" class=\"wp-block-spacer wp-container-content-9760934e\"><\/div>\n<\/div>\n<\/div>\n\n\n\n<div class=\"wp-block-group has-global-padding is-layout-constrained wp-block-group-is-layout-constrained\">\n<div style=\"height:1px\" aria-hidden=\"true\" class=\"wp-block-spacer\"><\/div>\n\n\n\n<hr class=\"wp-block-separator has-alpha-channel-opacity\"\/>\n\n\n\n<div style=\"height:2px\" aria-hidden=\"true\" class=\"wp-block-spacer\"><\/div>\n<\/div>\n\n\n\n<div class=\"wp-block-group alignwide has-global-padding is-layout-constrained wp-block-group-is-layout-constrained\">\n<div class=\"wp-block-group alignwide is-vertical is-content-justification-center is-nowrap is-layout-flex wp-container-core-group-is-layout-d7b04dc7 wp-block-group-is-layout-flex\">\n<h2 class=\"wp-block-heading has-text-align-center has-x-large-font-size\"><strong>Chris<\/strong><\/h2>\n<\/div>\n\n\n\n<div class=\"wp-block-group has-border-color has-accent-3-background-color has-background wp-container-content-69bc4bdf is-vertical is-content-justification-center is-nowrap is-layout-flex wp-container-core-group-is-layout-d7b04dc7 wp-block-group-is-layout-flex\" style=\"border-color:#d4af37;border-width:10px;border-top-left-radius:25px;border-top-right-radius:25px;border-bottom-left-radius:25px;border-bottom-right-radius:25px\">\n<figure class=\"wp-block-image size-large has-custom-border is-style-default\"><img loading=\"lazy\" decoding=\"async\" width=\"1024\" height=\"683\" src=\"https:\/\/music-feelings.com\/wp-content\/uploads\/2026\/03\/MF4_-1024x683.webp\" alt=\"Chris, Piano Player standing\" class=\"wp-image-562\" style=\"border-top-left-radius:15px;border-top-right-radius:15px;border-bottom-left-radius:0px;border-bottom-right-radius:0px;object-fit:cover\" srcset=\"https:\/\/music-feelings.com\/wp-content\/uploads\/2026\/03\/MF4_-1024x683.webp 1024w, https:\/\/music-feelings.com\/wp-content\/uploads\/2026\/03\/MF4_-300x200.webp 300w, https:\/\/music-feelings.com\/wp-content\/uploads\/2026\/03\/MF4_-768x512.webp 768w, https:\/\/music-feelings.com\/wp-content\/uploads\/2026\/03\/MF4_-18x12.webp 18w, https:\/\/music-feelings.com\/wp-content\/uploads\/2026\/03\/MF4_.webp 1536w\" sizes=\"auto, (max-width: 1024px) 100vw, 1024px\" \/><\/figure>\n\n\n\n<div class=\"wp-block-group is-content-justification-center is-nowrap is-layout-flex wp-container-core-group-is-layout-9110c23e wp-block-group-is-layout-flex\" style=\"padding-right:var(--wp--preset--spacing--60);padding-left:var(--wp--preset--spacing--60)\">\n<p class=\"has-text-align-left has-charm-font-family has-medium-font-size\" style=\"font-style:italic;font-weight:700;letter-spacing:1px\">Seine musikalische Reise begann bereits im Alter von vier Jahren. Mit den ersten Stunden am Klavier legte er den Grundstein f\u00fcr einen Weg, der sein gesamtes Leben pr\u00e4gen sollte. Die Faszination f\u00fcr Rhythmus f\u00fchrte ihn w\u00e4hrend der Schulzeit zum Schlagzeug, wo er als Herzschlag der schuleigenen Jazzband seine musikalische Heimat fand. Diese Leidenschaft machte er schlie\u00dflich zum Beruf und studierte Jazz-Piano in Hamburg, einem der lebendigsten Kulturzentren Deutschlands.<br><br>Seitdem ist er in verschiedensten Bands und Projekten zu h\u00f6ren. Dabei hat er einen stil\u00fcbergreifenden Sound entwickelt, der technische Pr\u00e4zision mit einem tiefen, gef\u00fchlvollen Groove verbindet.<\/p>\n<\/div>\n\n\n\n<div style=\"height:0px;width:0px\" aria-hidden=\"true\" class=\"wp-block-spacer wp-container-content-9760934e\"><\/div>\n<\/div>\n<\/div>\n\n\n\n<div class=\"wp-block-group has-global-padding is-layout-constrained wp-block-group-is-layout-constrained\">\n<div style=\"height:20px\" aria-hidden=\"true\" class=\"wp-block-spacer\"><\/div>\n\n\n\n<hr class=\"wp-block-separator has-alpha-channel-opacity\"\/>\n\n\n\n<div style=\"height:2px\" aria-hidden=\"true\" class=\"wp-block-spacer\"><\/div>\n<\/div>\n\n\n\n<div class=\"wp-block-group alignwide is-vertical is-content-justification-center is-nowrap is-layout-flex wp-container-core-group-is-layout-d7b04dc7 wp-block-group-is-layout-flex\">\n<h2 class=\"wp-block-heading has-text-align-center has-x-large-font-size\"><strong>Music Feelings<\/strong><\/h2>\n<\/div>\n\n\n\n<div class=\"wp-block-group alignwide has-global-padding is-layout-constrained wp-block-group-is-layout-constrained\">\n<div class=\"wp-block-group has-border-color has-accent-3-background-color has-background wp-container-content-69bc4bdf is-vertical is-content-justification-center is-nowrap is-layout-flex wp-container-core-group-is-layout-d7b04dc7 wp-block-group-is-layout-flex\" style=\"border-color:#d4af37;border-width:10px;border-top-left-radius:25px;border-top-right-radius:25px;border-bottom-left-radius:25px;border-bottom-right-radius:25px\">\n<figure class=\"wp-block-image size-large has-custom-border is-style-default\"><img loading=\"lazy\" decoding=\"async\" width=\"1024\" height=\"683\" src=\"https:\/\/music-feelings.com\/wp-content\/uploads\/2026\/02\/MF5-1024x683.webp\" alt=\"\" class=\"wp-image-380\" style=\"border-top-left-radius:15px;border-top-right-radius:15px;border-bottom-left-radius:0px;border-bottom-right-radius:0px;aspect-ratio:1.499291758980133\" srcset=\"https:\/\/music-feelings.com\/wp-content\/uploads\/2026\/02\/MF5-1024x683.webp 1024w, https:\/\/music-feelings.com\/wp-content\/uploads\/2026\/02\/MF5-300x200.webp 300w, https:\/\/music-feelings.com\/wp-content\/uploads\/2026\/02\/MF5-768x512.webp 768w, https:\/\/music-feelings.com\/wp-content\/uploads\/2026\/02\/MF5-18x12.webp 18w, https:\/\/music-feelings.com\/wp-content\/uploads\/2026\/02\/MF5.webp 1536w\" sizes=\"auto, (max-width: 1024px) 100vw, 1024px\" \/><\/figure>\n\n\n\n<div class=\"wp-block-group is-vertical is-content-justification-center is-layout-flex wp-container-core-group-is-layout-a09d0e74 wp-block-group-is-layout-flex\" style=\"padding-right:var(--wp--preset--spacing--60);padding-left:var(--wp--preset--spacing--60)\">\n<p class=\"has-text-align-left has-charm-font-family has-medium-font-size\" style=\"font-style:italic;font-weight:700;letter-spacing:1px\">Die Wege von Michele und Chris kreuzten sich in der Kirche \u2013 sie als musikalische Leiterin im Lobpreis, er als Music Director. In jahrelanger Zusammenarbeit entdeckten sie eine seltene musikalische Chemie, die weit \u00fcber das Fachliche hinausgeht.<br><br>Heute vereinen sie ihre Talente zu einem Sound, der gleichzeitig kraftvoll und intim ist: Eine klare, soulige Stimme, die sich nahtlos mit ausdrucksstarker und einzigartiger Klavierkunst verwebt.<br><br>Gemeinsam stehen sie f\u00fcr musikalische Exzellenz und Authentizit\u00e4t bei jedem Auftritt.<br><br>Daf\u00fcr steht:<\/p>\n\n\n\n<h2 class=\"wp-block-heading has-x-large-font-size\"><strong>Music Feelings<\/strong><\/h2>\n<\/div>\n\n\n\n<div style=\"height:0px;width:0px\" aria-hidden=\"true\" class=\"wp-block-spacer wp-container-content-9760934e\"><\/div>\n<\/div>\n<\/div>\n\n\n\n<div style=\"height:32px;width:0px\" aria-hidden=\"true\" class=\"wp-block-spacer\"><\/div>\n<\/div>\n\n\n\n<div class=\"wp-block-buttons is-content-justification-center is-layout-flex wp-container-core-buttons-is-layout-a89b3969 wp-block-buttons-is-layout-flex\">\n<div class=\"wp-block-button is-style-fill mein-hover-button\"><a class=\"wp-block-button__link has-contrast-color has-accent-1-background-color has-text-color has-background has-link-color has-x-large-font-size has-text-align-center has-custom-font-size wp-element-button\" href=\"https:\/\/music-feelings.com\/de\/contact\/\" target=\"_blank\" rel=\"noreferrer noopener\"><strong>Unverbindlich anfragen<\/strong><\/a><\/div>\n<\/div>\n\n\n\n<div style=\"height:51px\" aria-hidden=\"true\" class=\"wp-block-spacer\"><\/div>","protected":false},"excerpt":{"rendered":"<p>Refined Technique, Pure Resonance The perfect dialogue between voice and piano Michele Rooted in faith and shaped by a lifelong love of music, Michele has been singing since childhood. Her voice\u2014often described as anointed at church and angelic at weddings, graduations, and other events\u2014carries both soul and sincerity. Her voice leaves a lasting emotional imprint [&hellip;]<\/p>\n","protected":false},"author":1,"featured_media":0,"parent":0,"menu_order":0,"comment_status":"closed","ping_status":"closed","template":"page-no-title","meta":{"footnotes":""},"class_list":["post-371","page","type-page","status-publish","hentry"],"_links":{"self":[{"href":"https:\/\/music-feelings.com\/de\/wp-json\/wp\/v2\/pages\/371","targetHints":{"allow":["GET"]}}],"collection":[{"href":"https:\/\/music-feelings.com\/de\/wp-json\/wp\/v2\/pages"}],"about":[{"href":"https:\/\/music-feelings.com\/de\/wp-json\/wp\/v2\/types\/page"}],"author":[{"embeddable":true,"href":"https:\/\/music-feelings.com\/de\/wp-json\/wp\/v2\/users\/1"}],"replies":[{"embeddable":true,"href":"https:\/\/music-feelings.com\/de\/wp-json\/wp\/v2\/comments?post=371"}],"version-history":[{"count":0,"href":"https:\/\/music-feelings.com\/de\/wp-json\/wp\/v2\/pages\/371\/revisions"}],"wp:attachment":[{"href":"https:\/\/music-feelings.com\/de\/wp-json\/wp\/v2\/media?parent=371"}],"curies":[{"name":"wp","href":"https:\/\/api.w.org\/{rel}","templated":true}]}}